{"id":442,"date":"2026-02-25T22:46:13","date_gmt":"2026-02-25T22:46:13","guid":{"rendered":"https:\/\/alemanystudio.com\/cookie-policy\/"},"modified":"2026-02-26T21:18:46","modified_gmt":"2026-02-26T21:18:46","slug":"cookie-policy","status":"publish","type":"page","link":"https:\/\/alemanystudio.com\/en\/cookie-policy\/","title":{"rendered":"Cookie Policy"},"content":{"rendered":"\t\t<div data-elementor-type=\"wp-page\" data-elementor-id=\"442\" class=\"elementor elementor-442 elementor-289\" data-elementor-post-type=\"page\">\n\t\t\t\t<div class=\"elementor-element elementor-element-feea249 e-flex e-con-boxed e-con e-parent\" data-id=\"feea249\" data-element_type=\"container\" data-e-type=\"container\">\n\t\t\t\t\t<div class=\"e-con-inner\">\n\t\t\t\t<div class=\"elementor-element elementor-element-b3ec10c elementor-widget elementor-widget-heading\" data-id=\"b3ec10c\" data-element_type=\"widget\" data-e-type=\"widget\" data-widget_type=\"heading.default\">\n\t\t\t\t\t<h2 class=\"elementor-heading-title elementor-size-default\">POL\u00cdTICA DE COOKIES<\/h2>\t\t\t\t<\/div>\n\t\t\t\t<div class=\"elementor-element elementor-element-9e01934 elementor-widget elementor-widget-text-editor\" data-id=\"9e01934\" data-element_type=\"widget\" data-e-type=\"widget\" data-widget_type=\"text-editor.default\">\n\t\t\t\t\t\t\t\t\t<p>Nuestro sitio web utiliza cookies propias y de terceros para mejorar su experiencia de navegaci\u00f3n, analizar el tr\u00e1fico del sitio web y ofrecer contenido personalizado. A continuaci\u00f3n, explicamos qu\u00e9 son las cookies, los tipos de cookies que utilizamos y c\u00f3mo puede gestionarlas.<\/p><p><strong>\u00bfQu\u00e9 son las cookies?<\/strong><\/p><p>Las cookies son peque\u00f1os archivos de texto que se almacenan en su navegador cuando visita un sitio web. Permiten que el sitio recuerde sus actividades y preferencias (como el idioma o los datos de inicio de sesi\u00f3n) para mejorar su experiencia de usuario.<\/p><p><strong>Tipos de cookies que utilizamos<\/strong><br \/><strong>1. Cookies esenciales<\/strong><\/p><p>Estas cookies son necesarias para el funcionamiento del sitio web y no se pueden desactivar en nuestros sistemas. Por ejemplo, las cookies que mantienen su sesi\u00f3n activa o recuerdan su configuraci\u00f3n de privacidad.<\/p><p><strong>2. Cookies de an\u00e1lisis<\/strong><\/p><p>Estas cookies nos ayudan a comprender c\u00f3mo interact\u00faan los visitantes con nuestro sitio web, lo que nos permite mejorar su funcionalidad. Por ejemplo, las cookies de Google Analytics.<\/p><p><strong>3. Cookies de terceros<\/strong><\/p><p>Utilizamos cookies de terceros para integrar herramientas externas que mejoran la experiencia del usuario, como los servicios de programaci\u00f3n.<\/p><p>Calendly: Al interactuar con nuestro widget de Calendly, es posible que se instalen cookies para gestionar la programaci\u00f3n de citas y optimizar la funcionalidad del servicio. Para obtener m\u00e1s informaci\u00f3n, visite la Pol\u00edtica de Privacidad de Calendly.<\/p><p>Google reCAPTCHA: Utilizamos Google reCAPTCHA v3 en nuestros formularios para proteger nuestro sitio web del spam y el abuso. Google reCAPTCHA puede instalar cookies para analizar el comportamiento del usuario y verificar que las acciones las realiza un humano y no un bot. Estas cookies pueden recopilar datos como su direcci\u00f3n IP, el comportamiento del usuario en el sitio web y la informaci\u00f3n del dispositivo. Para obtener m\u00e1s informaci\u00f3n, consulte la Pol\u00edtica de Privacidad y las Condiciones del Servicio de Google.<\/p><p><strong>4. Cookies publicitarias<\/strong><\/p><p>Estas cookies pueden utilizarse para personalizar los anuncios que ve en funci\u00f3n de sus intereses.<\/p><p>C\u00f3mo gestionar las cookies<\/p><p>Cuando visite nuestro sitio web por primera vez, puede aceptar o rechazar las cookies no esenciales a trav\u00e9s de nuestro banner de cookies. Adem\u00e1s, puede gestionar sus preferencias en cualquier momento ajustando la configuraci\u00f3n de su navegador o accediendo a la secci\u00f3n de configuraci\u00f3n de cookies de nuestro sitio web.<\/p><p>Desactivaci\u00f3n y eliminaci\u00f3n de cookies<\/p><p>Puede restringir, bloquear o eliminar las cookies instaladas en su dispositivo a trav\u00e9s de la configuraci\u00f3n de su navegador. A continuaci\u00f3n, encontrar\u00e1 enlaces a las instrucciones para los navegadores m\u00e1s comunes:<\/p><p>Google Chrome<br \/>Mozilla Firefox<br \/>Safari<br \/>Microsoft Edge<\/p><p>Si tiene alguna pregunta sobre esta pol\u00edtica, no dude en contactarnos.<\/p>\t\t\t\t\t\t\t\t<\/div>\n\t\t\t\t\t<\/div>\n\t\t\t\t<\/div>\n\t\t\t\t<\/div>\n\t\t","protected":false},"excerpt":{"rendered":"<p>POL\u00cdTICA DE COOKIES Nuestro sitio web utiliza cookies propias y de terceros para mejorar su experiencia de navegaci\u00f3n, analizar el tr\u00e1fico del sitio web y ofrecer contenido personalizado. A continuaci\u00f3n, explicamos qu\u00e9 son las cookies, los tipos de cookies que utilizamos y c\u00f3mo puede gestionarlas. \u00bfQu\u00e9 son las cookies? Las cookies son peque\u00f1os archivos de [&hellip;]<\/p>\n","protected":false},"author":1,"featured_media":0,"parent":0,"menu_order":0,"comment_status":"closed","ping_status":"closed","template":"elementor_header_footer","meta":{"footnotes":""},"class_list":["post-442","page","type-page","status-publish","hentry"],"_links":{"self":[{"href":"https:\/\/alemanystudio.com\/en\/wp-json\/wp\/v2\/pages\/442","targetHints":{"allow":["GET"]}}],"collection":[{"href":"https:\/\/alemanystudio.com\/en\/wp-json\/wp\/v2\/pages"}],"about":[{"href":"https:\/\/alemanystudio.com\/en\/wp-json\/wp\/v2\/types\/page"}],"author":[{"embeddable":true,"href":"https:\/\/alemanystudio.com\/en\/wp-json\/wp\/v2\/users\/1"}],"replies":[{"embeddable":true,"href":"https:\/\/alemanystudio.com\/en\/wp-json\/wp\/v2\/comments?post=442"}],"version-history":[{"count":1,"href":"https:\/\/alemanystudio.com\/en\/wp-json\/wp\/v2\/pages\/442\/revisions"}],"predecessor-version":[{"id":443,"href":"https:\/\/alemanystudio.com\/en\/wp-json\/wp\/v2\/pages\/442\/revisions\/443"}],"wp:attachment":[{"href":"https:\/\/alemanystudio.com\/en\/wp-json\/wp\/v2\/media?parent=442"}],"curies":[{"name":"wp","href":"https:\/\/api.w.org\/{rel}","templated":true}]}}