{"id":444,"date":"2026-02-25T22:49:16","date_gmt":"2026-02-25T22:49:16","guid":{"rendered":"https:\/\/alemanystudio.com\/privacy-policy\/"},"modified":"2026-02-26T21:24:04","modified_gmt":"2026-02-26T21:24:04","slug":"privacy-policy","status":"publish","type":"page","link":"https:\/\/alemanystudio.com\/en\/privacy-policy\/","title":{"rendered":"Privacy Policy"},"content":{"rendered":"\t\t<div data-elementor-type=\"wp-page\" data-elementor-id=\"444\" class=\"elementor elementor-444 elementor-298\" data-elementor-post-type=\"page\">\n\t\t\t\t<div class=\"elementor-element elementor-element-1ea5e85 e-flex e-con-boxed e-con e-parent\" data-id=\"1ea5e85\" data-element_type=\"container\" data-e-type=\"container\">\n\t\t\t\t\t<div class=\"e-con-inner\">\n\t\t\t\t<div class=\"elementor-element elementor-element-1702d3b elementor-widget elementor-widget-heading\" data-id=\"1702d3b\" data-element_type=\"widget\" data-e-type=\"widget\" data-widget_type=\"heading.default\">\n\t\t\t\t\t<h2 class=\"elementor-heading-title elementor-size-default\">POL\u00cdTICA DE PRIVACIDAD<\/h2>\t\t\t\t<\/div>\n\t\t\t\t<div class=\"elementor-element elementor-element-d2737e2 elementor-widget elementor-widget-text-editor\" data-id=\"d2737e2\" data-element_type=\"widget\" data-e-type=\"widget\" data-widget_type=\"text-editor.default\">\n\t\t\t\t\t\t\t\t\t<p><strong>1. Introducci\u00f3n<\/strong><\/p><p>Bienvenido a alemanystudio.com (\u00abnosotros\u00bb, \u00abnuestro\u00bb o \u00abnos\u00bb). Nos comprometemos a proteger sus datos personales y a respetar su privacidad. Esta Pol\u00edtica de Privacidad explica c\u00f3mo recogemos, utilizamos, revelamos y salvaguardamos su informaci\u00f3n cuando visita nuestro sitio web www.alemanystudio.com (el \u00abSitio Web\u00bb). Le rogamos que lea atentamente esta pol\u00edtica para comprender nuestros puntos de vista y pr\u00e1cticas en relaci\u00f3n con sus datos personales y c\u00f3mo los trataremos.<\/p><p><strong>2. Datos que recopilamos<\/strong><\/p><p>Podemos recopilar y tratar los siguientes datos personales sobre usted:<\/p><p>nombre<br \/>N\u00famero de tel\u00e9fono<br \/>Direcci\u00f3n de correo electr\u00f3nico<br \/>Direcci\u00f3n f\u00edsica<\/p><p><br \/><strong>3. Finalidad de la recogida de datos<\/strong><\/p><p>Recopilamos sus datos personales para las siguientes multas:<\/p><p>Cumplimiento de pedidos: Para procesar y entregar sus pedidos de forma eficiente.<br \/>Marketing: Para enviarle material promocional, actualizaciones e informaci\u00f3n sobre nuestros productos y servicios.<\/p><p><br \/><strong>4. Conservaci\u00f3n de datos<\/strong><\/p><p>Conservamos sus datos personales indefinidamente (\u201cSiempre\u201d). Sus datos permanecer\u00e1n en nuestros registros a menos que solicite su supresi\u00f3n o que la ley nos obligue a eliminarlos.<\/p><p>Nota: Conservar datos personales indefinidamente puede entrar en conflicto con determinadas normativas de protecci\u00f3n de datos, como el Reglamento General de Protecci\u00f3n de Datos (RGPD). Recomendamos revisar esta pol\u00edtica con un asesor jur\u00eddico para garantizar el cumplimiento de la legislaci\u00f3n aplicable.<\/p><p><strong>5. Servicios de terceros<\/strong><\/p><p>Utilizamos los siguientes servicios de terceros que pueden tener acceso a sus datos personales:<\/p><p>Calendly: Para programar citas y gestionar reservas.<br \/>Google reCAPTCHA V3: Para proteger nuestro sitio web de spam y abusos.<\/p><p>Estos terceros s\u00f3lo est\u00e1n autorizados a utilizar sus datos en la medida necesaria para el desempe\u00f1o de sus funciones y est\u00e1n obligados a proteger sus datos de conformidad con la legislaci\u00f3n aplicable.<\/p><p><strong>6. Derechos de los usuarios<\/strong><\/p><p>Usted tiene los siguientes derechos en relaci\u00f3n con sus datos personales:<\/p><p>Derecho de acceso: Puede solicitar acceso a los datos personales que tenemos sobre usted.<br \/>Derecho de rectificaci\u00f3n: Puede solicitar la rectificaci\u00f3n de cualquier dato inexacto o incompleto.<br \/>Derecho de supresi\u00f3n: puede solicitar la supresi\u00f3n de sus datos personales y de su perfil en cualquier momento.<br \/>Derecho de oposici\u00f3n: Puede oponerse al tratamiento de sus datos personales con fines de marketing.<\/p><p>Para ejercer cualquiera de estos derechos, p\u00f3ngase en contacto con nosotros utilizando la informaci\u00f3n de contacto que se facilita a continuaci\u00f3n.<\/p><p><strong>7. C\u00f3mo ejercer sus derechos<\/strong><\/p><p>Para ejercer sus derechos, env\u00ede una solicitud a:<\/p><p>Controlador de datos:<br \/>Mar\u00eda Alemany Segu\u00ed<br \/>Direcci\u00f3n de correo electr\u00f3nico:<br \/>info@alemanystudio.com<\/p><p>Por favor, incluya una copia de su DNI u otro documento identificativo para verificar su identidad.<\/p><p><strong>8. Seguridad de los datos<\/strong><\/p><p>Aplicamos medidas t\u00e9cnicas y organizativas adecuadas para proteger sus datos personales contra el acceso no autorizado, la alteraci\u00f3n, la divulgaci\u00f3n o la destrucci\u00f3n. Sin embargo, ning\u00fan m\u00e9todo de transmisi\u00f3n por Internet o de almacenamiento electr\u00f3nico es completamente seguro, y no podemos garantizar su seguridad absoluta.<\/p><p><strong>9. Cambios en esta pol\u00edtica de privacidad<\/strong><\/p><p>Podemos actualizar esta Pol\u00edtica de Privacidad de vez en cuando. Cualquier cambio se publicar\u00e1 en esta p\u00e1gina con una fecha de revisi\u00f3n actualizada. Le recomendamos que revise esta pol\u00edtica peri\u00f3dicamente para mantenerse informado sobre c\u00f3mo protegemos su informaci\u00f3n.<\/p><p><strong>10. Contacto<\/strong><\/p><p>Si tiene alguna pregunta o duda sobre esta Pol\u00edtica de Privacidad o nuestras pr\u00e1cticas de datos, p\u00f3ngase en contacto con nosotros en:<\/p><p>Mar\u00eda Alemany Segu\u00ed<br \/>C\/Cardenal Pou, 3, Entresuelo Dcha., 07003 Palma, Islas Baleares, Espa\u00f1a<br \/>N\u00famero de tel\u00e9fono: 679 101 956<br \/>Correo electr\u00f3nico: info@alemanystudio.com<\/p>\t\t\t\t\t\t\t\t<\/div>\n\t\t\t\t\t<\/div>\n\t\t\t\t<\/div>\n\t\t\t\t<\/div>\n\t\t","protected":false},"excerpt":{"rendered":"<p>POL\u00cdTICA DE PRIVACIDAD 1. Introducci\u00f3n Bienvenido a alemanystudio.com (\u00abnosotros\u00bb, \u00abnuestro\u00bb o \u00abnos\u00bb). Nos comprometemos a proteger sus datos personales y a respetar su privacidad. Esta Pol\u00edtica de Privacidad explica c\u00f3mo recogemos, utilizamos, revelamos y salvaguardamos su informaci\u00f3n cuando visita nuestro sitio web www.alemanystudio.com (el \u00abSitio Web\u00bb). Le rogamos que lea atentamente esta pol\u00edtica para comprender [&hellip;]<\/p>\n","protected":false},"author":1,"featured_media":0,"parent":0,"menu_order":0,"comment_status":"closed","ping_status":"closed","template":"elementor_header_footer","meta":{"footnotes":""},"class_list":["post-444","page","type-page","status-publish","hentry"],"_links":{"self":[{"href":"https:\/\/alemanystudio.com\/en\/wp-json\/wp\/v2\/pages\/444","targetHints":{"allow":["GET"]}}],"collection":[{"href":"https:\/\/alemanystudio.com\/en\/wp-json\/wp\/v2\/pages"}],"about":[{"href":"https:\/\/alemanystudio.com\/en\/wp-json\/wp\/v2\/types\/page"}],"author":[{"embeddable":true,"href":"https:\/\/alemanystudio.com\/en\/wp-json\/wp\/v2\/users\/1"}],"replies":[{"embeddable":true,"href":"https:\/\/alemanystudio.com\/en\/wp-json\/wp\/v2\/comments?post=444"}],"version-history":[{"count":1,"href":"https:\/\/alemanystudio.com\/en\/wp-json\/wp\/v2\/pages\/444\/revisions"}],"predecessor-version":[{"id":445,"href":"https:\/\/alemanystudio.com\/en\/wp-json\/wp\/v2\/pages\/444\/revisions\/445"}],"wp:attachment":[{"href":"https:\/\/alemanystudio.com\/en\/wp-json\/wp\/v2\/media?parent=444"}],"curies":[{"name":"wp","href":"https:\/\/api.w.org\/{rel}","templated":true}]}}