{"id":449,"date":"2026-02-25T22:52:45","date_gmt":"2026-02-25T22:52:45","guid":{"rendered":"https:\/\/alemanystudio.com\/legal-notice\/"},"modified":"2026-02-26T21:31:16","modified_gmt":"2026-02-26T21:31:16","slug":"legal-notice","status":"publish","type":"page","link":"https:\/\/alemanystudio.com\/en\/legal-notice\/","title":{"rendered":"Legal Notice"},"content":{"rendered":"\t\t<div data-elementor-type=\"wp-page\" data-elementor-id=\"449\" class=\"elementor elementor-449 elementor-310\" data-elementor-post-type=\"page\">\n\t\t\t\t<div class=\"elementor-element elementor-element-83a39d6 e-flex e-con-boxed e-con e-parent\" data-id=\"83a39d6\" data-element_type=\"container\" data-e-type=\"container\">\n\t\t\t\t\t<div class=\"e-con-inner\">\n\t\t\t\t<div class=\"elementor-element elementor-element-d2f6c9a elementor-widget elementor-widget-heading\" data-id=\"d2f6c9a\" data-element_type=\"widget\" data-e-type=\"widget\" data-widget_type=\"heading.default\">\n\t\t\t\t\t<h2 class=\"elementor-heading-title elementor-size-default\">AVISO LEGAL<\/h2>\t\t\t\t<\/div>\n\t\t\t\t<div class=\"elementor-element elementor-element-d026ff0 elementor-widget elementor-widget-text-editor\" data-id=\"d026ff0\" data-element_type=\"widget\" data-e-type=\"widget\" data-widget_type=\"text-editor.default\">\n\t\t\t\t\t\t\t\t\t<p><strong>1. Informaci\u00f3n general<\/strong><br \/>Nombre de la empresa o entidad jur\u00eddica:<br \/>Mar\u00eda Alemany Segu\u00ed<\/p><p>CIF\/NIF:<br \/>43461628T<\/p><p>Direcci\u00f3n f\u00edsica:<br \/>C\/Cardenal Pou, 3, Entresuelo Dcha., 07003 Palma, Islas Baleares, Espa\u00f1a.<\/p><p>N\u00famero de tel\u00e9fono de contacto:<br \/>679 101 956<\/p><p>Direcci\u00f3n de correo electr\u00f3nico de contacto:<br \/>info@alemanystudio.com<\/p><p>Persona responsable del sitio web:<br \/>Mar\u00eda Alemany Segu\u00ed<\/p><p>El presente Aviso Legal regula el acceso y uso del sitio web www.alemanystudio.com (en adelante, el \u00abSitio Web\u00bb), as\u00ed como las actividades comerciales desarrolladas en el mismo.<\/p><p><strong>2. Prop\u00f3sito<\/strong><br \/>El presente Aviso Legal tiene por objeto informar a los usuarios sobre las condiciones de uso del Sitio Web y de los servicios ofrecidos a trav\u00e9s del mismo, en cumplimiento de la legislaci\u00f3n vigente aplicable.<\/p><p><strong>3. Condiciones de uso<\/strong><br \/><strong>3.1. Aceptaci\u00f3n de t\u00e9rminos<\/strong><br \/>El acceso y utilizaci\u00f3n del Sitio Web implica la aceptaci\u00f3n plena y sin reservas de todas y cada una de las disposiciones incluidas en este Aviso Legal. Si el usuario no estuviera de acuerdo con cualquiera de las condiciones aqu\u00ed establecidas, deber\u00e1 abstenerse de utilizar el Sitio Web.<\/p><p><strong>3.2. Modificaci\u00f3n de T\u00e9rminos<\/strong><br \/>Mar\u00eda Alemany Segu\u00ed se reserva el derecho a modificar en cualquier momento las condiciones presentes, siendo vinculantes para los usuarios las condiciones vigentes en el momento en que se accede al Sitio Web.<\/p><p><strong>4. Propiedad intelectual e industrial<\/strong><br \/><strong>4.1. Propiedad<\/strong><br \/>Todos los contenidos del Sitio Web, entendiendo por estos a t\u00edtulo meramente enunciativo los textos, im\u00e1genes, gr\u00e1ficos, logotipos, iconos, software, as\u00ed como su dise\u00f1o gr\u00e1fico y c\u00f3digos fuente, son propiedad de Mar\u00eda Alemany Segu\u00ed o de terceros que han autorizado su uso.<\/p><p><strong>4.2. Restricciones<\/strong><br \/>Queda prohibida la reproducci\u00f3n, distribuci\u00f3n, comunicaci\u00f3n p\u00fablica y transformaci\u00f3n de tales contenidos salvo autorizaci\u00f3n expresa y por escrito de los titulares de los derechos.<\/p><p><strong>5. Responsabilidad<\/strong><br \/><strong>5.1. Uso del sitio web<\/strong><br \/>Mar\u00eda Alemany Segu\u00ed no se hace responsable de los da\u00f1os y perjuicios que puedan derivarse de la utilizaci\u00f3n del Sitio Web, incluidos, entre otros, los errores en los contenidos, el mal funcionamiento del Sitio Web o la transmisi\u00f3n de virus u otros elementos lesivos.<\/p><p><strong>5.2. Enlaces de terceros<\/strong><br \/>El Sitio Web puede contener enlaces a otros sitios web gestionados por terceros. Mar\u00eda Alemany Segu\u00ed no se responsabiliza del contenido de dichos sitios ni de los da\u00f1os y perjuicios que puedan derivarse de su uso.<\/p><p><strong>6. Protecci\u00f3n de datos personales<\/strong><br \/><strong>6.1. Controlador de datos<\/strong><br \/>Controlador de datos<br \/>Mar\u00eda Alemany Segu\u00ed<br \/>Direcci\u00f3n de correo electr\u00f3nico:<br \/>info@alemanystudio.com<\/p><p><strong>6.2. Finalidad del tratamiento<\/strong><br \/>Los datos personales facilitados por los usuarios ser\u00e1n incorporados a un fichero titularidad de Mar\u00eda Alemany Segu\u00ed, con la finalidad de gestionar la relaci\u00f3n comercial y administrativa derivada del uso del Sitio Web.<\/p><p><strong>6.3. Derechos de los usuarios<\/strong><br \/>El usuario podr\u00e1 ejercitar sus derechos de acceso, rectificaci\u00f3n, cancelaci\u00f3n y oposici\u00f3n mediante solicitud escrita dirigida a la direcci\u00f3n de correo electr\u00f3nico arriba indicada, adjuntando copia de su DNI u otro documento identificativo.<\/p><p>Para m\u00e1s informaci\u00f3n, por favor consulte la Pol\u00edtica de privacidad.<\/p><p><strong>7. Ley aplicable y jurisdicci\u00f3n<\/strong><br \/>El presente Aviso Legal se rige por la ley espa\u00f1ola. Para cualquier litigio que pudiera derivarse del acceso o la utilizaci\u00f3n de la Web, las partes se someten, salvo que la ley aplicable disponga otra cosa, a los Juzgados y Tribunales de la ciudad de Palma, Islas Baleares.<\/p>\t\t\t\t\t\t\t\t<\/div>\n\t\t\t\t\t<\/div>\n\t\t\t\t<\/div>\n\t\t\t\t<\/div>\n\t\t","protected":false},"excerpt":{"rendered":"<p>AVISO LEGAL 1. Informaci\u00f3n generalNombre de la empresa o entidad jur\u00eddica:Mar\u00eda Alemany Segu\u00ed CIF\/NIF:43461628T Direcci\u00f3n f\u00edsica:C\/Cardenal Pou, 3, Entresuelo Dcha., 07003 Palma, Islas Baleares, Espa\u00f1a. N\u00famero de tel\u00e9fono de contacto:679 101 956 Direcci\u00f3n de correo electr\u00f3nico de contacto:info@alemanystudio.com Persona responsable del sitio web:Mar\u00eda Alemany Segu\u00ed El presente Aviso Legal regula el acceso y uso del [&hellip;]<\/p>\n","protected":false},"author":1,"featured_media":0,"parent":0,"menu_order":0,"comment_status":"closed","ping_status":"closed","template":"elementor_header_footer","meta":{"footnotes":""},"class_list":["post-449","page","type-page","status-publish","hentry"],"_links":{"self":[{"href":"https:\/\/alemanystudio.com\/en\/wp-json\/wp\/v2\/pages\/449","targetHints":{"allow":["GET"]}}],"collection":[{"href":"https:\/\/alemanystudio.com\/en\/wp-json\/wp\/v2\/pages"}],"about":[{"href":"https:\/\/alemanystudio.com\/en\/wp-json\/wp\/v2\/types\/page"}],"author":[{"embeddable":true,"href":"https:\/\/alemanystudio.com\/en\/wp-json\/wp\/v2\/users\/1"}],"replies":[{"embeddable":true,"href":"https:\/\/alemanystudio.com\/en\/wp-json\/wp\/v2\/comments?post=449"}],"version-history":[{"count":1,"href":"https:\/\/alemanystudio.com\/en\/wp-json\/wp\/v2\/pages\/449\/revisions"}],"predecessor-version":[{"id":450,"href":"https:\/\/alemanystudio.com\/en\/wp-json\/wp\/v2\/pages\/449\/revisions\/450"}],"wp:attachment":[{"href":"https:\/\/alemanystudio.com\/en\/wp-json\/wp\/v2\/media?parent=449"}],"curies":[{"name":"wp","href":"https:\/\/api.w.org\/{rel}","templated":true}]}}